{"id":37,"date":"2025-12-20T10:22:15","date_gmt":"2025-12-20T10:22:15","guid":{"rendered":"https:\/\/maximelavie.com\/?page_id=37"},"modified":"2026-03-27T08:22:50","modified_gmt":"2026-03-27T06:22:50","slug":"biographie","status":"publish","type":"page","link":"https:\/\/maximelavie.com\/index.php\/biographie\/","title":{"rendered":"Biographie"},"content":{"rendered":"\n<p>Dipl\u00f4m\u00e9 de l\u2019\u00c9cole Nationale Sup\u00e9rieure de Cr\u00e9ation industrielle &#8211; Les Ateliers Saint Sabin, Paris &#8211; en 1997 avec les f\u00e9licitations du jury, et de l\u2019\u00c9cole Europ\u00e9enne de l\u2019art &amp; des mati\u00e8res d\u2019Albi en 2010, Maxime Lavie est devenu un peintre figuratif graduellement, parall\u00e8lement \u00e0 son activit\u00e9 de designer industriel centr\u00e9e sur l\u2019a\u00e9ronautique. N\u00e9 \u00e0 Fontainebleau en 1973, il r\u00e9side et travaille \u00e0 Toulouse depuis 2000.<\/p>\n\n\n\n<p>Se distinguant tr\u00e8s t\u00f4t par un talent de dessinateur (il d\u00e9couvre la peinture ha\u00eftienne enfant, install\u00e9 en famille dans les Antilles Fran\u00e7aises), sa jeunesse se passe dans sa chambre entre planche \u00e0 dessin, a\u00e9rographe, pinceaux et cartons format raisin, nourri \u00e0 la meilleure bande dessin\u00e9e ind\u00e9pendante.&nbsp;\u00c0 la fin des ann\u00e9es 80 il quitte la maison \u00e0 15 ans pour \u00e9tudier les arts \u00e0 Bordeaux (pochoirs bomb\u00e9s sur les murs de la ville) et passe son Bac Arts Appliqu\u00e9s avec mention, puis monte \u00e0 Paris en 1991 pour \u00e9tudier le design : \u00e0 18 ans \u00e0 peine il int\u00e8gre sur concours l\u2019ENSCI\/Les Ateliers, et s\u2019installe dans le quartier Bastille. A l&rsquo;\u00c9cole, il rencontre le monde, et affine une vaste palette de modes de repr\u00e9sentation (qui fa\u00e7onnent son regard et qu\u2019il mobilise encore aujourd\u2019hui dans son travail), rassemblant le dessin de nu, la gravure, la s\u00e9rigraphie, la photographie argentique, la DAO\/PAO, l\u2019image de synth\u00e8se, la sculpture et le maquettage en atelier et enfin la peinture ; sur son temps libre il se perd dans les rues sinueuses du Marais et pousse les portes des galeries : son app\u00e9tence pour les Arts plastiques ne l\u2019a jamais quitt\u00e9 depuis.<\/p>\n\n\n\n<figure class=\"wp-block-image aligncenter size-medium is-resized\"><img loading=\"lazy\" decoding=\"async\" width=\"800\" height=\"302\" src=\"https:\/\/maximelavie.com\/wp-content\/uploads\/2026\/01\/IMG_4780crop2-WP-800x302.jpg\" alt=\"\" class=\"wp-image-378\" style=\"width:508px;height:auto\" srcset=\"https:\/\/maximelavie.com\/wp-content\/uploads\/2026\/01\/IMG_4780crop2-WP-800x302.jpg 800w, https:\/\/maximelavie.com\/wp-content\/uploads\/2026\/01\/IMG_4780crop2-WP-768x290.jpg 768w, https:\/\/maximelavie.com\/wp-content\/uploads\/2026\/01\/IMG_4780crop2-WP.jpg 1333w\" sizes=\"auto, (max-width: 800px) 100vw, 800px\" \/><\/figure>\n\n\n\n<h6 class=\"wp-block-heading has-text-align-center\">Cr\u00e9dit photo: Patty Moussali \u00a9<\/h6>\n\n\n\n<p>Voil\u00e0 une quinzaine d\u2019ann\u00e9es qu\u2019il pratique exclusivement &#8211; comme une n\u00e9cessit\u00e9 et dans le secret de l&rsquo;atelier &#8211; la peinture, tr\u00e8s versatile entre les techniques de l\u2019huile et l&rsquo;acrylique, explorant l\u2019exigence de \u201cce qui marche et de ce qui ne marche pas\u201d : nombreuses toiles qui conna\u00eetront le sort d\u2019\u00eatre repass\u00e9es de plusieurs couches de gesso ou d\u2019\u00eatre litt\u00e9ralement d\u00e9semenc\u00e9es. Un jour les premi\u00e8res s\u00e9ries de toiles \u00e9chappent aux murs de son atelier, pour une premi\u00e8re exposition, puis une deuxi\u00e8me, puis une troisi\u00e8me\u2026 indiff\u00e9rence, critiques, questions absconses, commentaires admiratifs, partages, ces collisions subjectives n\u00e9cessaires qui vont interroger son travail pour le nourrir : l&rsquo;exp\u00e9rience du peintre.<\/p>\n\n\n\n<p>Dans son travail, centr\u00e9 sur la peinture figurative, Maxime Lavie mobilise un lexique visuel tr\u00e8s vari\u00e9 principalement constitu\u00e9 de personnages tir\u00e9s de leur r\u00e9el, de sc\u00e8nes trompeusement r\u00e9alistes &#8211; qui convoquent une part de myst\u00e8re &#8211; d\u2019architectures urbaines, de paysages \u00e9nigmatiques, de regards plus profonds contemplatifs, d\u2019une pr\u00e9sence animali\u00e8re d\u00e9routante et parfois m\u00eame de quelques objets volants non-identifi\u00e9s. C\u2019est une \u0153uvre qui, au-del\u00e0 de l&rsquo;\u00e9nergie qu\u2019elle expose, renvoie aux notions de contemplation solitaire, de bonheur m\u00e9lancolique, de d\u00e9sorientation temporelle laissant une impression de d\u00e9r\u00e9alisation l\u00e9g\u00e8re, entre conscience et r\u00eaverie, comme une mise \u00e0 distance du \u201cchaos des choses et des hommes\u201d comme l&rsquo;\u00e9crit Michel Serres. Son travail r\u00e9cent montre une grammaire picturale &#8211; avec ses contours m\u00eal\u00e9s, ses accents esquiss\u00e9s, ses r\u00e9serves, ses superpositions de fines couches et de glacis prononc\u00e9s, sa palette complexe et vive &#8211; qui rend hommage tant \u00e0 l\u2019exaltation, la spiritualit\u00e9 et l\u2019imaginaire des peintres Romantiques, aux \u201cbeaux traits\u201d des dessinateurs des ann\u00e9es 70-80, qu\u2019\u00e0 une radicalit\u00e9 politique contemporaine issue de la Figuration narrative post 1968!<\/p>\n\n\n\n<p>Si la figure humaine a longtemps occup\u00e9 une place centrale dans ses premi\u00e8res expositions, son \u0153uvre se penche plus r\u00e9cemment aussi sur la repr\u00e9sentation d\u2019objets de grande consommation, de produits manufactur\u00e9s qu\u2019ils soient iconiques (cr\u00e9ations de designers reconnus) ou plus communs, pour se confronter peut-\u00eatre aux th\u00e9matiques de ce que laissera Homo apr\u00e8s sa disparition, ou de ce que nous pourrions \u00eatre sans nos objets industriels.<\/p>\n\n\n\n<p class=\"has-text-align-right\">Fran\u00e7oise H\u00e9ritier<\/p>\n","protected":false},"excerpt":{"rendered":"<p>Dipl\u00f4m\u00e9 de l\u2019\u00c9cole Nationale Sup\u00e9rieure de Cr\u00e9ation industrielle &#8211; Les Ateliers Saint Sabin, Paris &#8211; en 1997 avec les f\u00e9licitations du jury, et de l\u2019\u00c9cole Europ\u00e9enne de l\u2019art &amp; des mati\u00e8res d\u2019Albi en 2010, Maxime Lavie est devenu un peintre figuratif graduellement, parall\u00e8lement \u00e0 son activit\u00e9 de designer industriel centr\u00e9e sur l\u2019a\u00e9ronautique. N\u00e9 \u00e0 Fontainebleau [&hellip;]<\/p>\n","protected":false},"author":1,"featured_media":0,"parent":0,"menu_order":0,"comment_status":"closed","ping_status":"closed","template":"","meta":{"footnotes":""},"categories":[],"tags":[],"class_list":["post-37","page","type-page","status-publish","hentry"],"_links":{"self":[{"href":"https:\/\/maximelavie.com\/index.php\/wp-json\/wp\/v2\/pages\/37","targetHints":{"allow":["GET"]}}],"collection":[{"href":"https:\/\/maximelavie.com\/index.php\/wp-json\/wp\/v2\/pages"}],"about":[{"href":"https:\/\/maximelavie.com\/index.php\/wp-json\/wp\/v2\/types\/page"}],"author":[{"embeddable":true,"href":"https:\/\/maximelavie.com\/index.php\/wp-json\/wp\/v2\/users\/1"}],"replies":[{"embeddable":true,"href":"https:\/\/maximelavie.com\/index.php\/wp-json\/wp\/v2\/comments?post=37"}],"version-history":[{"count":20,"href":"https:\/\/maximelavie.com\/index.php\/wp-json\/wp\/v2\/pages\/37\/revisions"}],"predecessor-version":[{"id":517,"href":"https:\/\/maximelavie.com\/index.php\/wp-json\/wp\/v2\/pages\/37\/revisions\/517"}],"wp:attachment":[{"href":"https:\/\/maximelavie.com\/index.php\/wp-json\/wp\/v2\/media?parent=37"}],"wp:term":[{"taxonomy":"category","embeddable":true,"href":"https:\/\/maximelavie.com\/index.php\/wp-json\/wp\/v2\/categories?post=37"},{"taxonomy":"post_tag","embeddable":true,"href":"https:\/\/maximelavie.com\/index.php\/wp-json\/wp\/v2\/tags?post=37"}],"curies":[{"name":"wp","href":"https:\/\/api.w.org\/{rel}","templated":true}]}}