{"id":26,"date":"2025-12-20T10:02:36","date_gmt":"2025-12-20T10:02:36","guid":{"rendered":"https:\/\/maximelavie.com\/?page_id=26"},"modified":"2026-04-09T16:29:04","modified_gmt":"2026-04-09T14:29:04","slug":"maxime-lavie","status":"publish","type":"page","link":"https:\/\/maximelavie.com\/","title":{"rendered":"Maxime Lavie"},"content":{"rendered":"\n<p>Maxime Lavie, peintre figuratif contemporain, est n\u00e9 \u00e0 Fontainebleau en 1973. Dipl\u00f4m\u00e9 des Ateliers Saint Sabin \u00e0 Paris en 1997, il r\u00e9side et travaille \u00e0 Toulouse depuis 2000.<\/p>\n\n\n\n<div class=\"wp-block-media-text is-stacked-on-mobile\" style=\"grid-template-columns:19% auto\"><figure class=\"wp-block-media-text__media\"><a href=\"https:\/\/maximelavie.com\/wp-content\/uploads\/2026\/03\/AFFICHE-Expo-Maxime-Lavie_page-0001.jpg\"><img loading=\"lazy\" decoding=\"async\" width=\"1755\" height=\"2480\" src=\"https:\/\/maximelavie.com\/wp-content\/uploads\/2026\/03\/AFFICHE-Expo-Maxime-Lavie_page-0001.jpg\" alt=\"\" class=\"wp-image-489 size-full\" srcset=\"https:\/\/maximelavie.com\/wp-content\/uploads\/2026\/03\/AFFICHE-Expo-Maxime-Lavie_page-0001.jpg 1755w, https:\/\/maximelavie.com\/wp-content\/uploads\/2026\/03\/AFFICHE-Expo-Maxime-Lavie_page-0001-566x800.jpg 566w, https:\/\/maximelavie.com\/wp-content\/uploads\/2026\/03\/AFFICHE-Expo-Maxime-Lavie_page-0001-768x1085.jpg 768w, https:\/\/maximelavie.com\/wp-content\/uploads\/2026\/03\/AFFICHE-Expo-Maxime-Lavie_page-0001-1087x1536.jpg 1087w, https:\/\/maximelavie.com\/wp-content\/uploads\/2026\/03\/AFFICHE-Expo-Maxime-Lavie_page-0001-1449x2048.jpg 1449w\" sizes=\"auto, (max-width: 1755px) 100vw, 1755px\" \/><\/a><\/figure><div class=\"wp-block-media-text__content\">\n<h3 class=\"wp-block-heading\">Exposition en cours<\/h3>\n\n\n\n<p>Du 8 avril au 12 mai 2026, expo solo <em><a href=\"https:\/\/www.ombres-blanches.fr\/post\/8246\/maxime-lavie\">Objectivit\u00e9s<\/a><\/em> \u00e0 la <strong>librairie Ombres Blanches<\/strong>, 5 Rue des Gestes \u00e0 Toulouse.<\/p>\n\n\n\n<h3 class=\"wp-block-heading\">Expositions pr\u00e9vues<\/h3>\n\n\n\n<p>Le 23 mai 2026, expo collective au <strong>Mus\u00e9e Les Abattoirs<\/strong> &#8211; installation et <a href=\"https:\/\/youtu.be\/EL9FG_XX7Ok\" data-type=\"link\" data-id=\"https:\/\/youtu.be\/EL9FG_XX7Ok\">vid\u00e9o<\/a> &#8211; dans la Galerie des publics.<\/p>\n\n\n\n<p>Les 26 et 27 septembre 2026, l&rsquo;artiste <strong>re\u00e7oit dans son atelier <\/strong>pour <a href=\"https:\/\/lesartsenbaladeatoulouse.org\/\">Les Arts en Balade de Toulouse.<\/a><\/p>\n<\/div><\/div>\n\n\n\n<p>Comme a \u00e9crit le po\u00e8te Francis Ponge \u201cLa fonction de l&rsquo;artiste est fort claire : il doit ouvrir un atelier, et y prendre en r\u00e9paration le monde, par fragments, comme il lui vient\u201d.<\/p>\n\n\n\n<figure class=\"wp-block-image alignwide size-large\"><img loading=\"lazy\" decoding=\"async\" width=\"1024\" height=\"682\" src=\"https:\/\/maximelavie.com\/wp-content\/uploads\/2025\/12\/IMG_4666-1024x682.jpg\" alt=\"\" class=\"wp-image-140\" srcset=\"https:\/\/maximelavie.com\/wp-content\/uploads\/2025\/12\/IMG_4666-1024x682.jpg 1024w, https:\/\/maximelavie.com\/wp-content\/uploads\/2025\/12\/IMG_4666-300x200.jpg 300w, https:\/\/maximelavie.com\/wp-content\/uploads\/2025\/12\/IMG_4666-768x512.jpg 768w, https:\/\/maximelavie.com\/wp-content\/uploads\/2025\/12\/IMG_4666-1536x1024.jpg 1536w, https:\/\/maximelavie.com\/wp-content\/uploads\/2025\/12\/IMG_4666.jpg 2000w\" sizes=\"auto, (max-width: 1024px) 100vw, 1024px\" \/><\/figure>\n\n\n\n<p>L\u2019engagement artistique, entre le geste technique, l\u2019exp\u00e9rience esth\u00e9tique ou culturelle et l\u2019\u00e9volution intellectuelle personnelle qu\u2019il exige, a cette qualit\u00e9 duale de permettre de se connecter aux autres tout en se rencontrant enfin soi-m\u00eame.<\/p>\n\n\n\n<div class=\"wp-block-buttons is-content-justification-center is-layout-flex wp-container-core-buttons-is-layout-a89b3969 wp-block-buttons-is-layout-flex\">\n<div class=\"wp-block-button\"><a class=\"wp-block-button__link wp-element-button\" href=\"https:\/\/maximelavie.com\/index.php\/peintures-recentes\/\">\u0152uvres r\u00e9centes<\/a><\/div>\n\n\n\n<div class=\"wp-block-button\"><a class=\"wp-block-button__link wp-element-button\" href=\"https:\/\/maximelavie.com\/index.php\/biographie\/\">L&rsquo;artiste<\/a><\/div>\n\n\n\n<div class=\"wp-block-button\"><a class=\"wp-block-button__link wp-element-button\" href=\"https:\/\/maximelavie.com\/index.php\/contact\/\">Message<\/a><\/div>\n\n\n\n<div class=\"wp-block-button\"><a class=\"wp-block-button__link wp-element-button\" href=\"http:\/\/maximelavie.com\/wp-content\/uploads\/2026\/03\/Atelier_en_musique.mov\">Vid\u00e9o<\/a><\/div>\n<\/div>\n\n\n\n<p class=\"has-text-align-right\">Cr\u00e9dit photo: Patty Moussali \u00a9 <\/p>\n\n\n\n<p><\/p>\n","protected":false},"excerpt":{"rendered":"<p>Maxime Lavie, peintre figuratif contemporain, est n\u00e9 \u00e0 Fontainebleau en 1973. Dipl\u00f4m\u00e9 des Ateliers Saint Sabin \u00e0 Paris en 1997, il r\u00e9side et travaille \u00e0 Toulouse depuis 2000. Exposition en cours Du 8 avril au 12 mai 2026, expo solo Objectivit\u00e9s \u00e0 la librairie Ombres Blanches, 5 Rue des Gestes \u00e0 Toulouse. Expositions pr\u00e9vues Le [&hellip;]<\/p>\n","protected":false},"author":1,"featured_media":0,"parent":0,"menu_order":0,"comment_status":"closed","ping_status":"closed","template":"","meta":{"footnotes":""},"categories":[],"tags":[],"class_list":["post-26","page","type-page","status-publish","hentry"],"_links":{"self":[{"href":"https:\/\/maximelavie.com\/index.php\/wp-json\/wp\/v2\/pages\/26","targetHints":{"allow":["GET"]}}],"collection":[{"href":"https:\/\/maximelavie.com\/index.php\/wp-json\/wp\/v2\/pages"}],"about":[{"href":"https:\/\/maximelavie.com\/index.php\/wp-json\/wp\/v2\/types\/page"}],"author":[{"embeddable":true,"href":"https:\/\/maximelavie.com\/index.php\/wp-json\/wp\/v2\/users\/1"}],"replies":[{"embeddable":true,"href":"https:\/\/maximelavie.com\/index.php\/wp-json\/wp\/v2\/comments?post=26"}],"version-history":[{"count":57,"href":"https:\/\/maximelavie.com\/index.php\/wp-json\/wp\/v2\/pages\/26\/revisions"}],"predecessor-version":[{"id":544,"href":"https:\/\/maximelavie.com\/index.php\/wp-json\/wp\/v2\/pages\/26\/revisions\/544"}],"wp:attachment":[{"href":"https:\/\/maximelavie.com\/index.php\/wp-json\/wp\/v2\/media?parent=26"}],"wp:term":[{"taxonomy":"category","embeddable":true,"href":"https:\/\/maximelavie.com\/index.php\/wp-json\/wp\/v2\/categories?post=26"},{"taxonomy":"post_tag","embeddable":true,"href":"https:\/\/maximelavie.com\/index.php\/wp-json\/wp\/v2\/tags?post=26"}],"curies":[{"name":"wp","href":"https:\/\/api.w.org\/{rel}","templated":true}]}}